{"id":54,"date":"2022-08-31T09:22:47","date_gmt":"2022-08-31T07:22:47","guid":{"rendered":"http:\/\/localhost:8888\/?page_id=54"},"modified":"2024-04-23T11:10:14","modified_gmt":"2024-04-23T09:10:14","slug":"le-dojo","status":"publish","type":"page","link":"https:\/\/jaricot.net\/ishi-ka-dojo\/le-dojo\/","title":{"rendered":"D\u00f4j\u00f4"},"content":{"rendered":"\n<p>Le D\u00f4j\u00f4 et ses 2 sections<\/p>\n\n\n\n<p><a href=\"http:\/\/jaricot.net\/ishi-ka-dojo\/le-dojo\/\" data-type=\"page\" data-id=\"54\">J\u00f4d\u00f4 et armes parall\u00e8les<\/a><\/p>\n\n\n\n<p><strong>La voie du b\u00e2ton<\/strong><\/p>\n\n\n\n<p><a href=\"http:\/\/jaricot.net\/ishi-ka-dojo\/shodo\" data-type=\"URL\">Shod\u00f4, la voie de l&rsquo;\u00e9criture <\/a><\/p>\n\n\n\n<p><strong>\u00c9changer ses armes contre un pinceau et continuer \u00e0 couper\u2026<\/strong><\/p>\n","protected":false},"excerpt":{"rendered":"<p>Le D\u00f4j\u00f4 et ses 2 sections J\u00f4d\u00f4 et armes parall\u00e8les La voie du b\u00e2ton Shod\u00f4, la voie de l&rsquo;\u00e9criture \u00c9changer ses armes contre un pinceau et continuer \u00e0 couper\u2026<\/p>\n","protected":false},"author":1,"featured_media":0,"parent":0,"menu_order":0,"comment_status":"closed","ping_status":"closed","template":"","meta":{"_EventAllDay":false,"_EventTimezone":"","_EventStartDate":"","_EventEndDate":"","_EventStartDateUTC":"","_EventEndDateUTC":"","_EventShowMap":false,"_EventShowMapLink":false,"_EventURL":"","_EventCost":"","_EventCostDescription":"","_EventCurrencySymbol":"","_EventCurrencyCode":"","_EventCurrencyPosition":"","_EventDateTimeSeparator":"","_EventTimeRangeSeparator":"","_EventOrganizerID":[],"_EventVenueID":0,"_OrganizerEmail":"","_OrganizerPhone":"","_OrganizerWebsite":"","_VenueAddress":"","_VenueCity":"","_VenueCountry":"","_VenueProvince":"","_VenueZip":"","_VenuePhone":"","_VenueURL":"","_VenueStateProvince":"","_VenueLat":"","_VenueLng":""},"_links":{"self":[{"href":"https:\/\/jaricot.net\/ishi-ka-dojo\/wp-json\/wp\/v2\/pages\/54"}],"collection":[{"href":"https:\/\/jaricot.net\/ishi-ka-dojo\/wp-json\/wp\/v2\/pages"}],"about":[{"href":"https:\/\/jaricot.net\/ishi-ka-dojo\/wp-json\/wp\/v2\/types\/page"}],"author":[{"embeddable":true,"href":"https:\/\/jaricot.net\/ishi-ka-dojo\/wp-json\/wp\/v2\/users\/1"}],"replies":[{"embeddable":true,"href":"https:\/\/jaricot.net\/ishi-ka-dojo\/wp-json\/wp\/v2\/comments?post=54"}],"version-history":[{"count":8,"href":"https:\/\/jaricot.net\/ishi-ka-dojo\/wp-json\/wp\/v2\/pages\/54\/revisions"}],"predecessor-version":[{"id":268,"href":"https:\/\/jaricot.net\/ishi-ka-dojo\/wp-json\/wp\/v2\/pages\/54\/revisions\/268"}],"wp:attachment":[{"href":"https:\/\/jaricot.net\/ishi-ka-dojo\/wp-json\/wp\/v2\/media?parent=54"}],"curies":[{"name":"wp","href":"https:\/\/api.w.org\/{rel}","templated":true}]}}