{"id":60,"date":"2022-08-31T09:26:12","date_gmt":"2022-08-31T07:26:12","guid":{"rendered":"http:\/\/localhost:8888\/?page_id=60"},"modified":"2024-04-24T12:26:05","modified_gmt":"2024-04-24T10:26:05","slug":"ateliers","status":"publish","type":"page","link":"https:\/\/jaricot.net\/ishi-ka-dojo\/ateliers\/","title":{"rendered":"Ateliers"},"content":{"rendered":"\n<p><\/p>\n\n\n\n<p class=\"has-bright-red-color has-text-color\"><strong>De septembre \u00e0 juin,\u00a0<\/strong><br><strong>UN ATELIER SHOD\u00d4 MENSUEL <\/strong><br><strong>-> Calligraphie japonaise\u00a0<\/strong><br><strong>(dates annonc\u00e9es dans les \u00e9v\u00e9nements)<\/strong><\/p>\n\n\n\n<p><strong>2 formules possibles :<\/strong><\/p>\n\n\n\n<p class=\"has-bright-red-color has-text-color\"><strong>\u2022 En&nbsp;pr\u00e9sentiel&nbsp;pour les adh\u00e9rents du d\u00e9partement 06<\/strong><\/p>\n\n\n\n<p>Lieu&nbsp;: Camping Les Fines roches<\/p>\n\n\n\n<p>2 Chemin Chabauda<br>06910 ROQUESTERON &#8211; FRANCE<\/p>\n\n\n\n<p>Horaire&nbsp;: 9h30 \/ 16h30<\/p>\n\n\n\n<p><strong>Inscriptions pr\u00e9alables<\/strong>&nbsp;au 06 83 04 91 81.<\/p>\n\n\n\n<p><\/p>\n\n\n\n<p class=\"has-bright-red-color has-text-color\"><strong>\u2022 Par&nbsp;courrier&nbsp;pour les adh\u00e9rents hors d\u00e9partement<\/strong><\/p>\n\n\n\n<p>avec une possibilit\u00e9 de pratique via&nbsp;<strong>Zoom&nbsp;<\/strong>le jour de l&rsquo;atelier mensuel commun<\/p>\n\n\n\n<p>Horaire d\u00e9cal\u00e9 avec uniquement les pratiquants sur Zoom de 8h30 \u00e0 9h30 puis en interventions individualis\u00e9es au cours de la journ\u00e9e.<\/p>\n\n\n\n<p><strong>Inscriptions pr\u00e9alables<\/strong>&nbsp;au 06 83 04 91 81.<\/p>\n\n\n\n<p><\/p>\n\n\n\n<p><\/p>\n","protected":false},"excerpt":{"rendered":"<p>De septembre \u00e0 juin,\u00a0UN ATELIER SHOD\u00d4 MENSUEL -> Calligraphie japonaise\u00a0(dates annonc\u00e9es dans les \u00e9v\u00e9nements) 2 formules possibles : \u2022 En&nbsp;pr\u00e9sentiel&nbsp;pour les adh\u00e9rents du d\u00e9partement 06 Lieu&nbsp;: Camping Les Fines roches &hellip; <a href=\"https:\/\/jaricot.net\/ishi-ka-dojo\/ateliers\/\" class=\"more-link\">Continuer la lecture<span class=\"screen-reader-text\"> de &laquo;&nbsp;Ateliers&nbsp;&raquo;<\/span><\/a><\/p>\n","protected":false},"author":1,"featured_media":0,"parent":0,"menu_order":0,"comment_status":"closed","ping_status":"closed","template":"","meta":{"_EventAllDay":false,"_EventTimezone":"","_EventStartDate":"","_EventEndDate":"","_EventStartDateUTC":"","_EventEndDateUTC":"","_EventShowMap":false,"_EventShowMapLink":false,"_EventURL":"","_EventCost":"","_EventCostDescription":"","_EventCurrencySymbol":"","_EventCurrencyCode":"","_EventCurrencyPosition":"","_EventDateTimeSeparator":"","_EventTimeRangeSeparator":"","_EventOrganizerID":[],"_EventVenueID":0,"_OrganizerEmail":"","_OrganizerPhone":"","_OrganizerWebsite":"","_VenueAddress":"","_VenueCity":"","_VenueCountry":"","_VenueProvince":"","_VenueZip":"","_VenuePhone":"","_VenueURL":"","_VenueStateProvince":"","_VenueLat":"","_VenueLng":""},"_links":{"self":[{"href":"https:\/\/jaricot.net\/ishi-ka-dojo\/wp-json\/wp\/v2\/pages\/60"}],"collection":[{"href":"https:\/\/jaricot.net\/ishi-ka-dojo\/wp-json\/wp\/v2\/pages"}],"about":[{"href":"https:\/\/jaricot.net\/ishi-ka-dojo\/wp-json\/wp\/v2\/types\/page"}],"author":[{"embeddable":true,"href":"https:\/\/jaricot.net\/ishi-ka-dojo\/wp-json\/wp\/v2\/users\/1"}],"replies":[{"embeddable":true,"href":"https:\/\/jaricot.net\/ishi-ka-dojo\/wp-json\/wp\/v2\/comments?post=60"}],"version-history":[{"count":5,"href":"https:\/\/jaricot.net\/ishi-ka-dojo\/wp-json\/wp\/v2\/pages\/60\/revisions"}],"predecessor-version":[{"id":324,"href":"https:\/\/jaricot.net\/ishi-ka-dojo\/wp-json\/wp\/v2\/pages\/60\/revisions\/324"}],"wp:attachment":[{"href":"https:\/\/jaricot.net\/ishi-ka-dojo\/wp-json\/wp\/v2\/media?parent=60"}],"curies":[{"name":"wp","href":"https:\/\/api.w.org\/{rel}","templated":true}]}}